{"id":27,"date":"2014-12-15T09:34:58","date_gmt":"2014-12-15T08:34:58","guid":{"rendered":"https:\/\/www.barwino.slupsk.pl\/?page_id=27"},"modified":"2025-06-11T08:20:33","modified_gmt":"2025-06-11T06:20:33","slug":"soltys","status":"publish","type":"page","link":"https:\/\/www.barwino.slupsk.pl\/?page_id=27","title":{"rendered":"So\u0142tys"},"content":{"rendered":"<h2 style=\"text-align: center;\">\u00a0<a href=\"https:\/\/www.barwino.slupsk.pl\/wp-content\/uploads\/2014\/12\/11.jpg\"><img loading=\"lazy\" decoding=\"async\" class=\" wp-image-28 aligncenter\" src=\"https:\/\/www.barwino.slupsk.pl\/wp-content\/uploads\/2014\/12\/11-225x300.\" alt=\"Pani Teresa \u015aled\u017a\" width=\"586\" height=\"781\" srcset=\"https:\/\/www.barwino.slupsk.pl\/wp-content\/uploads\/2014\/12\/11-225x300. 225w, https:\/\/www.barwino.slupsk.pl\/wp-content\/uploads\/2014\/12\/11 600w\" sizes=\"auto, (max-width: 586px) 100vw, 586px\" \/><\/a><\/h2>\n<h2 style=\"text-align: center;\">Teresa \u015aled\u017a<\/h2>\n<h3>10-06-2025 &#8211; nowy So\u0142tys, znana osoba&#8230;<\/h3>\n<p>kt\u00f3ra ceni uczciwo\u015b\u0107, dobro cz\u0142owieka i dobro s\u0105siedzkie&#8230;<\/p>\n<p>O Pani Teresie&#8230;<\/p>\n<p>Spok\u00f3j i pragmatyczno\u015b\u0107, up\u00f3r i wiara&#8230;.<\/p>\n<p>Kocha ludzi, zwierz\u0119ta, ro\u015bliny i otaczaj\u0105cy j\u0105 \u015bwiat. Wielu ludzi ceni Pani\u0105 Teres\u0119 za to&#8230;. \u017ce lubi pomaga\u0107, pracowa\u0107 i kocha nasze malutkie Barwino &#8211; jak i jego spo\u0142eczno\u015b\u0107<\/p>\n","protected":false},"excerpt":{"rendered":"<p>\u00a0 Teresa \u015aled\u017a 10-06-2025 &#8211; nowy So\u0142tys, znana osoba&#8230; kt\u00f3ra ceni uczciwo\u015b\u0107, dobro cz\u0142owieka i dobro s\u0105siedzkie&#8230; O Pani Teresie&#8230; Spok\u00f3j i pragmatyczno\u015b\u0107, up\u00f3r i wiara&#8230;. Kocha ludzi, zwierz\u0119ta, ro\u015bliny i otaczaj\u0105cy j\u0105 \u015bwiat. Wielu ludzi ceni Pani\u0105 Teres\u0119 za to&#8230;. \u017ce lubi pomaga\u0107, pracowa\u0107 i kocha nasze malutkie Barwino &#8211; jak i jego spo\u0142eczno\u015b\u0107<\/p>\n","protected":false},"author":3,"featured_media":0,"parent":0,"menu_order":2,"comment_status":"closed","ping_status":"closed","template":"","meta":{"_monsterinsights_skip_tracking":false,"_monsterinsights_sitenote_active":false,"_monsterinsights_sitenote_note":"","_monsterinsights_sitenote_category":0,"two_page_speed":[],"footnotes":""},"class_list":["post-27","page","type-page","status-publish","hentry"],"aioseo_notices":[],"_links":{"self":[{"href":"https:\/\/www.barwino.slupsk.pl\/index.php?rest_route=\/wp\/v2\/pages\/27","targetHints":{"allow":["GET"]}}],"collection":[{"href":"https:\/\/www.barwino.slupsk.pl\/index.php?rest_route=\/wp\/v2\/pages"}],"about":[{"href":"https:\/\/www.barwino.slupsk.pl\/index.php?rest_route=\/wp\/v2\/types\/page"}],"author":[{"embeddable":true,"href":"https:\/\/www.barwino.slupsk.pl\/index.php?rest_route=\/wp\/v2\/users\/3"}],"replies":[{"embeddable":true,"href":"https:\/\/www.barwino.slupsk.pl\/index.php?rest_route=%2Fwp%2Fv2%2Fcomments&post=27"}],"version-history":[{"count":36,"href":"https:\/\/www.barwino.slupsk.pl\/index.php?rest_route=\/wp\/v2\/pages\/27\/revisions"}],"predecessor-version":[{"id":2282,"href":"https:\/\/www.barwino.slupsk.pl\/index.php?rest_route=\/wp\/v2\/pages\/27\/revisions\/2282"}],"wp:attachment":[{"href":"https:\/\/www.barwino.slupsk.pl\/index.php?rest_route=%2Fwp%2Fv2%2Fmedia&parent=27"}],"curies":[{"name":"wp","href":"https:\/\/api.w.org\/{rel}","templated":true}]}}