{"id":255,"date":"2014-12-18T10:27:56","date_gmt":"2014-12-18T09:27:56","guid":{"rendered":"https:\/\/www.barwino.slupsk.pl\/?page_id=255"},"modified":"2025-06-11T08:47:28","modified_gmt":"2025-06-11T06:47:28","slug":"geneza","status":"publish","type":"page","link":"https:\/\/www.barwino.slupsk.pl\/?page_id=255","title":{"rendered":"geneza powstania"},"content":{"rendered":"<p style=\"text-align: left;\"><strong>Nasza \u015awietlica&#8230; , Miejsce Spotka\u0144&#8230; Nasza Duma&#8230;<\/strong><\/p>\n<p>Kiedy\u015b wygl\u0105da\u0142 mniej wi\u0119cej tak:<\/p>\n<p><a href=\"https:\/\/www.barwino.slupsk.pl\/wp-content\/uploads\/2014\/12\/swietlica_kiedys.jpg\" target=\"_blank\" rel=\"noopener\"><img loading=\"lazy\" decoding=\"async\" class=\"alignleft wp-image-52\" src=\"https:\/\/www.barwino.slupsk.pl\/wp-content\/uploads\/2014\/12\/18-800x600.\" alt=\"mazusie\" width=\"359\" height=\"269\" srcset=\"https:\/\/www.barwino.slupsk.pl\/wp-content\/uploads\/2014\/12\/18-800x600. 800w, https:\/\/www.barwino.slupsk.pl\/wp-content\/uploads\/2014\/12\/18-1024x768. 1024w\" sizes=\"auto, (max-width: 359px) 100vw, 359px\" \/><\/a>Typowy budynek inwentarsko-mieszkalny, wchodz\u0105cy w sk\u0142ad dawnej sieci budynk\u00f3w inwentarskich w\u0142a\u015bciciela nieistniej\u0105cego ju\u017c pa\u0142acu. Kiedy\u015b zamieszka\u0142y &#8211; na pocz\u0105tku XXI wieku przeznaczony na budynek \u015awietlicy So\u0142eckiej. Dzi\u0119ki staraniom spo\u0142eczno\u015bci lokalnej\u00a0 <strong>&#8211; <\/strong>obiekt<a href=\"https:\/\/www.barwino.slupsk.pl\/wp-content\/uploads\/2014\/12\/klub_tablica.jpg\" target=\"_blank\" rel=\"noopener\"><img loading=\"lazy\" decoding=\"async\" class=\"alignright wp-image-258\" src=\"https:\/\/www.barwino.slupsk.pl\/wp-content\/uploads\/2014\/12\/66-764x600.\" alt=\"klub_tablica\" width=\"197\" height=\"155\" srcset=\"https:\/\/www.barwino.slupsk.pl\/wp-content\/uploads\/2014\/12\/66-764x600. 764w, https:\/\/www.barwino.slupsk.pl\/wp-content\/uploads\/2014\/12\/66-978x768. 978w\" sizes=\"auto, (max-width: 197px) 100vw, 197px\" \/><\/a> ten poddany zosta\u0142 rewitalizacji &#8211; przy udziale \u015brodk\u00f3w unijnych oraz Gminy K\u0119pice. Prace remontowe trwa\u0142y kilka lat. Op\u0142aci\u0142o si\u0119. Dzisiaj mamy si\u0119 czy pochwali\u0107, jak r\u00f3wnie\u017c gdzie si\u0119 spotka\u0107. G\u0142\u00f3wne atrakcje przygotowane s\u0105 dla najm\u0142odszych &#8211; milusi\u0144skich.\u00a0 Nast\u0105pi\u0142 czas zagospodarowania cz\u0119\u015bci\u00a0 terenu \u015awietlicy. Na prze\u0142omie 2009\/2010r <a href=\"https:\/\/www.barwino.slupsk.pl\/wp-content\/uploads\/2014\/12\/plac_zabaw.jpg\" target=\"_blank\" rel=\"noopener\"><img loading=\"lazy\" decoding=\"async\" class=\"alignright wp-image-260\" title=\"Plac zabaw po powstaniu \u015bwietlicy\" src=\"https:\/\/www.barwino.slupsk.pl\/wp-content\/uploads\/2014\/12\/67-800x600.\" alt=\"plac_zabaw\" width=\"359\" height=\"269\" srcset=\"https:\/\/www.barwino.slupsk.pl\/wp-content\/uploads\/2014\/12\/67-800x600. 800w, https:\/\/www.barwino.slupsk.pl\/wp-content\/uploads\/2014\/12\/67 1024w\" sizes=\"auto, (max-width: 359px) 100vw, 359px\" \/><\/a>przed zespo\u0142em \u015bwietlicy powsta\u0142 plac zabaw dla dzieci. Ogrodzony &#8211; pomimo s\u0105siedztwa ruchliwej drogi wojew\u00f3dzkiej nr 209\u00a0 &#8211; bezpieczny. Dzisiaj teren wok\u00f3\u0142 \u015bwietlicy jest zadbany. Dbaj\u0105 o niego g\u0142\u00f3wnie mieszka\u0144cy z pomoc\u0105 gminy K\u0119pice.\u00a0<\/p>\n<p>&nbsp;<\/p>\n","protected":false},"excerpt":{"rendered":"<p>Nasza \u015awietlica&#8230; , Miejsce Spotka\u0144&#8230; Nasza Duma&#8230; Kiedy\u015b wygl\u0105da\u0142 mniej wi\u0119cej tak: Typowy budynek inwentarsko-mieszkalny, wchodz\u0105cy w sk\u0142ad dawnej sieci budynk\u00f3w inwentarskich w\u0142a\u015bciciela nieistniej\u0105cego ju\u017c pa\u0142acu. Kiedy\u015b zamieszka\u0142y &#8211; na pocz\u0105tku XXI wieku przeznaczony na budynek \u015awietlicy So\u0142eckiej. Dzi\u0119ki staraniom spo\u0142eczno\u015bci lokalnej\u00a0 &#8211; obiekt ten poddany zosta\u0142 rewitalizacji &#8211; przy udziale \u015brodk\u00f3w unijnych oraz Gminy K\u0119pice. Prace remontowe trwa\u0142y kilka lat. Op\u0142aci\u0142o si\u0119. Dzisiaj mamy si\u0119 czy pochwali\u0107, jak r\u00f3wnie\u017c gdzie si\u0119 spotka\u0107. G\u0142\u00f3wne atrakcje przygotowane s\u0105 dla najm\u0142odszych &#8211; milusi\u0144skich.\u00a0 Nast\u0105pi\u0142 czas zagospodarowania cz\u0119\u015bci\u00a0 terenu \u015awietlicy. Na prze\u0142omie 2009\/2010r przed zespo\u0142em \u015bwietlicy powsta\u0142 plac zabaw dla dzieci. Ogrodzony &#8211; pomimo s\u0105siedztwa ruchliwej drogi wojew\u00f3dzkiej nr 209\u00a0 &#8211; bezpieczny. Dzisiaj teren wok\u00f3\u0142 \u015bwietlicy jest zadbany. Dbaj\u0105 o niego g\u0142\u00f3wnie mieszka\u0144cy z pomoc\u0105 gminy K\u0119pice.\u00a0 &nbsp;<\/p>\n","protected":false},"author":3,"featured_media":0,"parent":245,"menu_order":0,"comment_status":"closed","ping_status":"closed","template":"","meta":{"_monsterinsights_skip_tracking":false,"_monsterinsights_sitenote_active":false,"_monsterinsights_sitenote_note":"","_monsterinsights_sitenote_category":0,"two_page_speed":[],"footnotes":""},"class_list":["post-255","page","type-page","status-publish","hentry"],"aioseo_notices":[],"_links":{"self":[{"href":"https:\/\/www.barwino.slupsk.pl\/index.php?rest_route=\/wp\/v2\/pages\/255","targetHints":{"allow":["GET"]}}],"collection":[{"href":"https:\/\/www.barwino.slupsk.pl\/index.php?rest_route=\/wp\/v2\/pages"}],"about":[{"href":"https:\/\/www.barwino.slupsk.pl\/index.php?rest_route=\/wp\/v2\/types\/page"}],"author":[{"embeddable":true,"href":"https:\/\/www.barwino.slupsk.pl\/index.php?rest_route=\/wp\/v2\/users\/3"}],"replies":[{"embeddable":true,"href":"https:\/\/www.barwino.slupsk.pl\/index.php?rest_route=%2Fwp%2Fv2%2Fcomments&post=255"}],"version-history":[{"count":24,"href":"https:\/\/www.barwino.slupsk.pl\/index.php?rest_route=\/wp\/v2\/pages\/255\/revisions"}],"predecessor-version":[{"id":2283,"href":"https:\/\/www.barwino.slupsk.pl\/index.php?rest_route=\/wp\/v2\/pages\/255\/revisions\/2283"}],"up":[{"embeddable":true,"href":"https:\/\/www.barwino.slupsk.pl\/index.php?rest_route=\/wp\/v2\/pages\/245"}],"wp:attachment":[{"href":"https:\/\/www.barwino.slupsk.pl\/index.php?rest_route=%2Fwp%2Fv2%2Fmedia&parent=255"}],"curies":[{"name":"wp","href":"https:\/\/api.w.org\/{rel}","templated":true}]}}