{"id":222,"date":"2014-12-17T12:23:13","date_gmt":"2014-12-17T11:23:13","guid":{"rendered":"https:\/\/www.barwino.slupsk.pl\/?page_id=222"},"modified":"2025-04-25T14:28:09","modified_gmt":"2025-04-25T12:28:09","slug":"o-barwinie","status":"publish","type":"page","link":"https:\/\/www.barwino.slupsk.pl\/?page_id=222","title":{"rendered":"rys Historyczny"},"content":{"rendered":"<p><strong><em>Rys historyczny.<\/em><\/strong><\/p>\n<p>Barwino (niem. Barvin) nale\u017ca\u0142 do maj\u0105tku rodziny von Massow. W 1285 r. Heinrich von Massow po\u015blubi\u0142 c\u00f3rk\u0119 hrabiego von G\u00fctzkow i otrzyma\u0142 jako posag maj\u0105tki nale\u017c\u0105ce do parafii Barvin: (Bartin &#8211; Barcino, Barvin-Barwino, Br\u00fcnnow-Bronowo, Derseelitz (Seelitz), Woblanse (Ob\u0142\u0119\u017ce) i Wusseken-Osieki). Listy lenne z 1478 i 1486 r. wymieniaj\u0105 r\u00f3wnie\u017c r\u00f3d von Massow jako w\u0142a\u015bcicieli Barwina.<\/p>\n<p>Nie jest wi\u0119c prawd\u0105 jak podaje si\u0119 w wielu \u017ar\u00f3d\u0142ach polskich, \u017ce pierwszy znany o Barwinie (w\u00f3wczas w formie Barwin) zapis pochodzi z dokument\u00f3w z 1518 r. Podawano wcze\u015bniej, i\u017c nazwa wywodzi si\u0119 od nazwy osobowej Barwa, a ta od Barwierz lub Barwoldus.<\/p>\n<p>Do wczesnych lat siedemdziesi\u0105tych XX wieku w centrum Barwina sta\u0142 dworek poniemiecki &#8211; pa\u0142ac. <a href=\"https:\/\/www.barwino.slupsk.pl\/?attachment_id=116\" target=\"_blank\" rel=\"attachment noopener wp-att-116\"><img loading=\"lazy\" decoding=\"async\" class=\"alignleft wp-image-116 size-medium\" src=\"https:\/\/www.barwino.slupsk.pl\/wp-content\/uploads\/2014\/12\/54-384x600.\" alt=\"\" width=\"384\" height=\"600\" srcset=\"https:\/\/www.barwino.slupsk.pl\/wp-content\/uploads\/2014\/12\/54-384x600. 384w, https:\/\/www.barwino.slupsk.pl\/wp-content\/uploads\/2014\/12\/54-492x768. 492w\" sizes=\"auto, (max-width: 384px) 100vw, 384px\" \/><\/a>Jego stan techniczny by\u0142 z\u0142y. Zosta\u0142 rozebrany. Cz\u0119\u015b\u0107 zabudowa\u0144 wchodzi\u0142a w sk\u0142ad posiad\u0142o\u015bci w\u0142a\u015bciciela maj\u0105tku w Barcinie. W centrum wsi znajduje si\u0119 przystanek autobusowy. Wok\u00f3\u0142 terenu pa\u0142acu w Barwinie znajduje si\u0119 szereg budynk\u00f3w architektury inwentarskiej. Prawdopodobnie nale\u017ca\u0142y one do w\u0142a\u015bciciela dworu (von Massow). Obecnie stan techniczny wi\u0119kszo\u015bci obiekt\u00f3w inwentarskich jest z\u0142y &#8211; popadaj\u0105 w ruin\u0119 &#8211; nie znalaz\u0142y nowych w\u0142a\u015bcicieli. Tylko jeden poinwentarski obiekt poddany zosta\u0142 rewitalizacji i stanowi dzisiaj miejsce zabaw dla dzieci i doros\u0142ych. Jest to budynek, kt\u00f3ry dzisiaj stanowi \u015awietlic\u0119 w Barwinie. Rewitalizacj\u0119 obiektu zawdzi\u0119czamy mieszka\u0144com Barwina, kt\u00f3rzy wszyscy nak\u0142adem swojej pracy w czasie wolnym przyczynili si\u0119 do tego.<\/p>\n<p>Wok\u00f3\u0142 wsi s\u0105 pola uprawne i nieu\u017cytki rolne. Obiekty architektury inwentarskiej \u2013 w Barwinie znajduj\u0105 si\u0119 w ewidencji zabytk\u00f3w S\u0142upskiej Delegatury Wojew\u00f3dzkiego Konserwatora Zabytk\u00f3w w Gda\u0144sku.<\/p>\n<p><strong><em>Uwarunkowania przestrzenne.<\/em><\/strong><\/p>\n<p>Wie\u015b Barwino po\u0142o\u017cona jest na wzniesieniu, w otoczeniu p\u00f3l i \u0142\u0105k od stron po\u0142udniowej, p\u00f3\u0142nocno-zachodniej i po\u0142udniowo-wschodniej oraz w otulinie lasu od strony p\u00f3\u0142nocnej i po\u0142udniowo-zachodniej. W pobli\u017cu znajduje si\u0119 kilka ciek\u00f3w wodnych \u2013 min. rzeczka &#8211; Bystrzenica, kilka staw\u00f3w \u015br\u00f3dpolnych oraz w odleg\u0142o\u015bci kilku kilometr\u00f3w jeziora Ob\u0142\u0119\u017ce, Korzybie, Kryszta\u0142, \u0141\u0119towo oraz rzeka Wieprza. Ciekawe po\u0142o\u017cenie sprawia, \u017ce Barwino jest malownicz\u0105 miejscowo\u015bci\u0105. Gleby woko\u0142o miejscowo\u015bci to u\u017cytki rolne lub zielone IV, V i VI klasy bonitacyjnej. Niewielki poziom pr\u00f3chnicy w glebie, utwory piaszczyste, rzadziej piaszczysto-gliniaste, zw\u0142aszcza od strony po\u0142udniowej wynikaj\u0105 z po\u0142o\u017cenia Barwina (wzniesienie). Erozja powietrzno-wodna, przekszta\u0142cenia gospodarstw rolnych lub ich likwidacja spowodowa\u0142a, i\u017c cz\u0119\u015b\u0107 obszar\u00f3w p\u00f3l i \u0142\u0105k jest nieuprawiana i le\u017cy ugorem. Nie mniej \u015brodowisko naturalne Barwina jest w stanie dobrym lub bardzo dobrym \u2013 czyste powietrze, du\u017ce pok\u0142ady w\u00f3d podziemnych, niezniszczone lasy, du\u017ce zasoby runa le\u015bnego.<br \/>\nDo zagro\u017ce\u0144 \u015brodowiska dla teren\u00f3w Barwina mo\u017cemy zaliczy\u0107:<\/p>\n<ul style=\"list-style-type: square;\">\n<li>lokalizacja inwestycji degraduj\u0105cych krajobraz (elektrownie wiatrowe, linie elektroenergetyczne, du\u017ce kubaturowo nowoczesne obiekty-np. stacja benzynowa).<\/li>\n<\/ul>\n<p>Od 2019 roku dzi\u0119ki podj\u0119tym dzia\u0142aniom Gminy K\u0119pice &#8211; w Barwinie jest sie\u0107 kanalizacyjna oraz zmodernizowana cz\u0119\u015bciowo sie\u0107 wodoci\u0105gowa. W bie\u017c\u0105cym roku planowana jest budowa drogi gminnej w Barwinie w kierunku miejscowo\u015bci Go\u015bcieradz.<\/p>\n","protected":false},"excerpt":{"rendered":"<p>Rys historyczny. Barwino (niem. Barvin) nale\u017ca\u0142 do maj\u0105tku rodziny von Massow. W 1285 r. Heinrich von Massow po\u015blubi\u0142 c\u00f3rk\u0119 hrabiego von G\u00fctzkow i otrzyma\u0142 jako posag maj\u0105tki nale\u017c\u0105ce do parafii Barvin: (Bartin &#8211; Barcino, Barvin-Barwino, Br\u00fcnnow-Bronowo, Derseelitz (Seelitz), Woblanse (Ob\u0142\u0119\u017ce) i Wusseken-Osieki). Listy lenne z 1478 i 1486 r. wymieniaj\u0105 r\u00f3wnie\u017c r\u00f3d von Massow jako w\u0142a\u015bcicieli Barwina. Nie jest wi\u0119c prawd\u0105 jak podaje si\u0119 w wielu \u017ar\u00f3d\u0142ach polskich, \u017ce pierwszy znany o Barwinie (w\u00f3wczas w formie Barwin) zapis pochodzi z dokument\u00f3w z 1518 r. Podawano wcze\u015bniej, i\u017c nazwa wywodzi si\u0119 od nazwy osobowej Barwa, a ta od Barwierz lub Barwoldus. Do wczesnych lat siedemdziesi\u0105tych XX wieku w centrum Barwina sta\u0142 dworek poniemiecki &#8211; pa\u0142ac. Jego stan techniczny by\u0142 z\u0142y. Zosta\u0142 rozebrany. Cz\u0119\u015b\u0107 zabudowa\u0144 wchodzi\u0142a w sk\u0142ad posiad\u0142o\u015bci w\u0142a\u015bciciela maj\u0105tku w Barcinie. W centrum wsi znajduje si\u0119 przystanek autobusowy. Wok\u00f3\u0142 terenu pa\u0142acu w Barwinie znajduje si\u0119 szereg budynk\u00f3w architektury inwentarskiej. Prawdopodobnie nale\u017ca\u0142y one do w\u0142a\u015bciciela dworu (von Massow). Obecnie stan techniczny wi\u0119kszo\u015bci obiekt\u00f3w inwentarskich jest z\u0142y &#8211; popadaj\u0105 w ruin\u0119 &#8211; nie znalaz\u0142y nowych w\u0142a\u015bcicieli. Tylko jeden poinwentarski obiekt poddany zosta\u0142 rewitalizacji i stanowi dzisiaj miejsce zabaw dla dzieci i doros\u0142ych. Jest to budynek, kt\u00f3ry dzisiaj stanowi \u015awietlic\u0119 w Barwinie. Rewitalizacj\u0119 obiektu zawdzi\u0119czamy mieszka\u0144com Barwina, kt\u00f3rzy wszyscy nak\u0142adem swojej pracy w czasie wolnym przyczynili si\u0119 do tego. Wok\u00f3\u0142 wsi s\u0105 pola uprawne i nieu\u017cytki rolne. Obiekty architektury inwentarskiej \u2013 w Barwinie znajduj\u0105 si\u0119 w ewidencji zabytk\u00f3w S\u0142upskiej Delegatury Wojew\u00f3dzkiego Konserwatora Zabytk\u00f3w w Gda\u0144sku. Uwarunkowania przestrzenne. Wie\u015b Barwino po\u0142o\u017cona jest na wzniesieniu, <a class=\"read-more\" href=\"https:\/\/www.barwino.slupsk.pl\/?page_id=222\">Continue Reading &#8594;<\/a><\/p>\n","protected":false},"author":3,"featured_media":0,"parent":0,"menu_order":0,"comment_status":"closed","ping_status":"closed","template":"","meta":{"_monsterinsights_skip_tracking":false,"_monsterinsights_sitenote_active":false,"_monsterinsights_sitenote_note":"","_monsterinsights_sitenote_category":0,"two_page_speed":[],"footnotes":""},"class_list":["post-222","page","type-page","status-publish","hentry"],"aioseo_notices":[],"_links":{"self":[{"href":"https:\/\/www.barwino.slupsk.pl\/index.php?rest_route=\/wp\/v2\/pages\/222","targetHints":{"allow":["GET"]}}],"collection":[{"href":"https:\/\/www.barwino.slupsk.pl\/index.php?rest_route=\/wp\/v2\/pages"}],"about":[{"href":"https:\/\/www.barwino.slupsk.pl\/index.php?rest_route=\/wp\/v2\/types\/page"}],"author":[{"embeddable":true,"href":"https:\/\/www.barwino.slupsk.pl\/index.php?rest_route=\/wp\/v2\/users\/3"}],"replies":[{"embeddable":true,"href":"https:\/\/www.barwino.slupsk.pl\/index.php?rest_route=%2Fwp%2Fv2%2Fcomments&post=222"}],"version-history":[{"count":34,"href":"https:\/\/www.barwino.slupsk.pl\/index.php?rest_route=\/wp\/v2\/pages\/222\/revisions"}],"predecessor-version":[{"id":2271,"href":"https:\/\/www.barwino.slupsk.pl\/index.php?rest_route=\/wp\/v2\/pages\/222\/revisions\/2271"}],"wp:attachment":[{"href":"https:\/\/www.barwino.slupsk.pl\/index.php?rest_route=%2Fwp%2Fv2%2Fmedia&parent=222"}],"curies":[{"name":"wp","href":"https:\/\/api.w.org\/{rel}","templated":true}]}}