{"id":21,"date":"2014-12-15T09:15:58","date_gmt":"2014-12-15T08:15:58","guid":{"rendered":"https:\/\/www.barwino.slupsk.pl\/?page_id=21"},"modified":"2025-04-25T14:34:35","modified_gmt":"2025-04-25T12:34:35","slug":"barvin-2","status":"publish","type":"page","link":"https:\/\/www.barwino.slupsk.pl\/","title":{"rendered":"Strona G\u0142\u00f3wna"},"content":{"rendered":"<h2><\/h2>\r\n<div class=\"wp-block-image\">\r\n<figure class=\"alignleft\"><a href=\"https:\/\/www.barwino.slupsk.pl\/wp-content\/uploads\/2015\/11\/1_11.jpg\" target=\"_blank\" rel=\"noopener\"><img loading=\"lazy\" decoding=\"async\" class=\"alignleft wp-image-502\" src=\"https:\/\/www.barwino.slupsk.pl\/wp-content\/uploads\/2015\/11\/1_11.jpg\" alt=\"a close-up of a sign\" width=\"303\" height=\"146\" srcset=\"https:\/\/www.barwino.slupsk.pl\/wp-content\/uploads\/2015\/11\/1_11.jpg 915w, https:\/\/www.barwino.slupsk.pl\/wp-content\/uploads\/2015\/11\/1_11-800x386.jpg 800w\" sizes=\"auto, (max-width: 303px) 100vw, 303px\" \/><\/a>\r\n\r\n<\/figure>\r\n<\/div>\r\n<p>&#8230;.Wie\u015b Barwino, po\u0142o\u017cona przy drodze wojew\u00f3dzkiej nr 209 \u2013 \u0142\u0105cz\u0105cej drog\u0119 krajow\u0105 nr 6 (Szczecin-Gda\u0144sk) w miejscowo\u015bci Warszkowo (ko\u0142o S\u0142awna), z drog\u0105 krajow\u0105 nr 21 (S\u0142upsk \u2013 Byt\u00f3w &#8211; Miastko).<\/p>\r\n<p>Barwino (z niemieckiego Barvin) jest to wie\u015b so\u0142ecka po\u0142o\u017cona w wojew\u00f3dztwie pomorskim \u2013 gminie K\u0119pice. Miejscowo\u015b\u0107 po\u0142o\u017cona jest w otulinie las\u00f3w oraz u\u017cytk\u00f3w rolnych. Wie\u015b skupia 65 siedlisk-gospodarstw, w kt\u00f3rych zamieszkuj\u0105 174 osoby. Jest ona przepi\u0119knie po\u0142o\u017cona \u2013 na wierzcho\u0142ku wzniesienia (ponad 120m n.p.m), z kt\u00f3rego rozpo\u015bcieraj\u0105 si\u0119 malownicze widoki, krajobrazy. Wie\u015b znajduje si\u0119 w granicach gminy K\u0119pice.<br \/>\r\n&#8230;.Po\u0142o\u017cona jest nieopodal miejscowo\u015bci Korzybie &#8211; <em>2 km <\/em>i Barcino &#8211; 3km. Charakterystyczn\u0105 cech\u0105 zabudowy miejscowo\u015bci jest do\u015b\u0107 du\u017ca ilo\u015b\u0107 przedwojennych budynk\u00f3w. Spu\u015bcizna poniemieckiej architektury (budynki mieszkalne i inwentarskie) brak w Barwinie PGR\u2019u oraz niedawno zrewitalizowany obiekt by\u0142ych budynk\u00f3w inwentarsko &#8211; mieszkalnych, nadaje sielskiego charakteru miejscowo\u015bci. Jest plac zabaw dla dzieci, miejsce na ognisko oraz du\u017ca wiata. Dla ka\u017cdego jest miejsce do zabawy, gry i wypoczynku.<\/p>\r\n<p><br \/>\r\n<strong><a href=\"https:\/\/pl.wikipedia.org\/wiki\/Barwino\" target=\"_blank\" rel=\"noopener noreferrer\">O Barwinie w Wikipedii \ud83d\ude42<\/a><\/strong><\/p>\r\n\r\n\r\n<p><strong><em>&#8230;. mieszka\u0144cy Barwina mawiaj\u0105\u2026 \u201ekto w Barwinie si\u0119 osiedli-nie chce nigdzie indziej mieszka\u0107, ani st\u0105d wyje\u017cd\u017ca\u0107\u201d\u2026.\u00a0<\/em><\/strong><\/p>\r\n\r\n\r\n<hr class=\"wp-block-separator\" \/>\r\n\r\n<p class=\"has-text-align-center\">.<strong><em>&#8230;.znalaz\u0142em Ci ja miejsce na tej Ziemi &#8211; tej Polskiej, Pomorskiej, Naszej<\/em><\/strong><\/p>\r\n\r\n\r\n<p class=\"has-text-align-center\"><strong><em>&#8230;Barwino &#8211; miejsce magiczne, ciche, milcz\u0105ce, szemrz\u0105ce przyrod\u0105, krzykiem rozdzierane, czasami niepouk\u0142adane lecz cudne, pachn\u0105ce latem, wiosna i zim\u0105&#8230;.<\/em><\/strong><\/p>\r\n\r\n\r\n<p class=\"has-text-align-center\"><strong><em>&#8230;jesieni\u0105 za\u015b pe\u0142n\u0105 blasku i zapachu p\u00f3l i \u0142\u0105k, naszego lasu &#8211; grzyb\u00f3w ogrom, czas robienia zapas\u00f3w&#8230;.<\/em><\/strong><\/p>\r\n\r\n\r\n<p><em>R. Trawi\u0144ski<\/em><\/p>\r\n\r\n\r\n<div class=\"wp-block-image\">\r\n<figure class=\"alignright\"><img loading=\"lazy\" decoding=\"async\" width=\"630\" height=\"352\" class=\"wp-image-562\" src=\"https:\/\/www.barwino.slupsk.pl\/wp-content\/uploads\/2016\/01\/glob-e1600242707513.png\" alt=\"\" \/><\/figure>\r\n<\/div>\r\n\r\n\r\n<p class=\"has-text-align-left\">\u00a0<\/p>\r\n","protected":false},"excerpt":{"rendered":"<p>&#8230;. mieszka\u0144cy Barwina mawiaj\u0105\u2026 \u201ekto w Barwinie si\u0119 osiedli-nie chce nigdzie indziej mieszka\u0107, ani st\u0105d wyje\u017cd\u017ca\u0107\u201d\u2026.\u00a0 .&#8230;.znalaz\u0142em Ci ja miejsce na tej Ziemi &#8211; tej Polskiej, Pomorskiej, Naszej &#8230;Barwino &#8211; miejsce magiczne, ciche, milcz\u0105ce, szemrz\u0105ce przyrod\u0105, krzykiem rozdzierane, czasami niepouk\u0142adane lecz cudne, pachn\u0105ce latem, wiosna i zim\u0105&#8230;. &#8230;jesieni\u0105 za\u015b pe\u0142n\u0105 blasku i zapachu p\u00f3l i \u0142\u0105k, naszego lasu &#8211; grzyb\u00f3w ogrom, czas robienia zapas\u00f3w&#8230;. R. Trawi\u0144ski \u00a0<\/p>\n","protected":false},"author":3,"featured_media":0,"parent":0,"menu_order":-1,"comment_status":"closed","ping_status":"closed","template":"","meta":{"_monsterinsights_skip_tracking":false,"_monsterinsights_sitenote_active":false,"_monsterinsights_sitenote_note":"","_monsterinsights_sitenote_category":0,"two_page_speed":[],"footnotes":""},"class_list":["post-21","page","type-page","status-publish","hentry"],"aioseo_notices":[],"_links":{"self":[{"href":"https:\/\/www.barwino.slupsk.pl\/index.php?rest_route=\/wp\/v2\/pages\/21","targetHints":{"allow":["GET"]}}],"collection":[{"href":"https:\/\/www.barwino.slupsk.pl\/index.php?rest_route=\/wp\/v2\/pages"}],"about":[{"href":"https:\/\/www.barwino.slupsk.pl\/index.php?rest_route=\/wp\/v2\/types\/page"}],"author":[{"embeddable":true,"href":"https:\/\/www.barwino.slupsk.pl\/index.php?rest_route=\/wp\/v2\/users\/3"}],"replies":[{"embeddable":true,"href":"https:\/\/www.barwino.slupsk.pl\/index.php?rest_route=%2Fwp%2Fv2%2Fcomments&post=21"}],"version-history":[{"count":68,"href":"https:\/\/www.barwino.slupsk.pl\/index.php?rest_route=\/wp\/v2\/pages\/21\/revisions"}],"predecessor-version":[{"id":2274,"href":"https:\/\/www.barwino.slupsk.pl\/index.php?rest_route=\/wp\/v2\/pages\/21\/revisions\/2274"}],"wp:attachment":[{"href":"https:\/\/www.barwino.slupsk.pl\/index.php?rest_route=%2Fwp%2Fv2%2Fmedia&parent=21"}],"curies":[{"name":"wp","href":"https:\/\/api.w.org\/{rel}","templated":true}]}}